{"id":3967,"date":"2024-12-15T16:35:35","date_gmt":"2024-12-15T09:35:35","guid":{"rendered":"https:\/\/madamededalat.vn\/?page_id=3967"},"modified":"2025-08-25T16:51:28","modified_gmt":"2025-08-25T09:51:28","slug":"chinh-sach-doi-tra","status":"publish","type":"page","link":"https:\/\/madamededalat.vn\/en\/chinh-sach-doi-tra","title":{"rendered":"Ch\u00ednh s\u00e1ch \u0111\u1ed5i tr\u1ea3 \/ Gi\u1ea3i quy\u1ebft khi\u1ebfu n\u1ea1i tranh ch\u1ea5p"},"content":{"rendered":"<p>C\u00e1c ch\u00ednh s\u00e1ch \u0111\u1ed5i tr\u1ea3 v\u00e0 c\u01a1 ch\u1ebf gi\u1ea3i quy\u1ebft tranh ch\u1ea5p khi\u1ebfu n\u1ea1i tr\u00ean website:<\/p>\n\n\n\n<p>&#8211; T\u1ef1 th\u1ecfa thu\u1eadn<br>&#8211; \u0110\u01b0a ra c\u01a1 quan ph\u00e1p lu\u1eadt<br>&#8211; H\u00ecnh th\u1ee9c kh\u00e1c<\/p>\n\n\n\n<p>Monumentes ch\u1ecbu tr\u00e1ch nhi\u1ec7m gi\u1ea3i quy\u1ebft khi\u1ebfu n\u1ea1i c\u1ee7a Kh\u00e1ch h\u00e0ng li\u00ean quan \u0111\u1ebfn s\u1ea3n ph\u1ea9m\/d\u1ecbch v\u1ee5 do Monumentes cung c\u1ea5p tr\u00ean trang <strong>https:\/\/madamededalat.vn<\/strong> and <strong>https:\/\/booking.madamededalat.vn<\/strong>.<\/p>\n\n\n\n<p>Monumentes s\u1ebd ti\u1ebfp nh\u1eadn \/ x\u1eed l\u00fd c\u00e1c khi\u1ebfu n\u1ea1i ph\u00e1t sinh sau khi nh\u1eadn \u0111\u01b0\u1ee3c th\u00f4ng b\u00e1o t\u1eeb kh\u00e1ch h\u00e0ng \u0111\u1ed1i v\u1edbi giao d\u1ecbch mua v\u00e9 tr\u00ean website. <\/p>\n\n\n\n<p>Kh\u00e1ch h\u00e0ng c\u00f3 quy\u1ec1n y\u00eau c\u1ea7u c\u01a1 quan c\u00f3 th\u1ea9m quy\u1ec1n b\u1ea3o v\u1ec7 trong tr\u01b0\u1eddng h\u1ee3p tranh ch\u1ea5p v\u1edbi Monumentes kh\u00f4ng \u0111\u01b0\u1ee3c gi\u1ea3i quy\u1ebft th\u1ecfa \u0111\u00e1ng.<\/p>\n\n\n\n<p>Trong tr\u01b0\u1eddng h\u1ee3p c\u1ee5 th\u1ec3, ch\u00fang t\u00f4i s\u1ebd: y\u00eau c\u1ea7u kh\u00e1ch h\u00e0ng c\u1ea7n c\u00f3 tr\u00e1ch nhi\u1ec7m cung c\u1ea5p ch\u00ednh x\u00e1c c\u00e1c th\u00f4ng tin v\u00f4 h\u00ecnh v\u00e0 h\u1eefu h\u00ecnh v\u1ec1 v\u1ea5n \u0111\u1ec1 khi\u1ebfu n\u1ea1i, m\u00e2u thu\u1eabn \u0111ang ph\u00e1t sinh c\u1ea7n gi\u1ea3i quy\u1ebft m\u00e0 Kh\u00e1ch h\u00e0ng \u0111\u00e3 t\u1ef1 th\u1ea5y m\u00ecnh b\u1ecb thi\u1ec7t h\u1ea1i.<\/p>\n\n\n\n<p><strong>Monumentes s\u1ebd th\u1ef1c hi\u1ec7n \u0111\u1ed5i &#8211; tr\u1ea3 v\u00e9 tham quan nh\u01b0 sau:<\/strong><\/p>\n\n\n\n<p><strong>B\u01b0\u1edbc 1: <\/strong>Ti\u1ebfp nh\u1eadn v\u00e9 l\u1ed7i t\u1eeb ph\u00eda kh\u00e1ch h\u00e0ng.<\/p>\n\n\n\n<p><strong>B\u01b0\u1edbc 2:<\/strong> Th\u1ef1c hi\u1ec7n h\u1ee7y b\u1ecf v\u00e9 l\u1ed7i (c\u1eaft \/ x\u00e9 \/ h\u1ee7y qua thi\u1ebft b\u1ecb chuy\u00ean d\u1ee5ng).<\/p>\n\n\n\n<p><strong>B\u01b0\u1edbc 3:<\/strong> In v\u00e0 xu\u1ea5t v\u00e9 m\u1edbi giao cho kh\u00e1ch h\u00e0ng th\u00f4ng quan tr\u1ef1c ti\u1ebfp ho\u1eb7c c\u00e1c k\u00eanh li\u00ean l\u1ea1c m\u00e0 kh\u00e1ch h\u00e0ng cung c\u1ea5p.<\/p>\n\n\n\n<p><strong>Monumentes s\u1ebd th\u1ef1c hi\u1ec7n gi\u1ea3i quy\u1ebft c\u00e1c tranh ch\u1ea5p theo quy tr\u00ecnh sau (n\u1ebfu c\u00f3):<\/strong><\/p>\n\n\n\n<p>B\u01b0\u1edbc 1: B\u1ed9 ph\u1eadn Ch\u0103m S\u00f3c Kh\u00e1ch H\u00e0ng c\u1ee7a <strong>Monumentes<\/strong> s\u1ebd ti\u1ebfp nh\u1eadn c\u00e1c khi\u1ebfu n\u1ea1i c\u1ee7a Th\u00e0nh vi\u00ean ho\u1eb7c B\u1ed9 ph\u1eadn Kinh doanh s\u1ebd ti\u1ebfp nh\u1eadn c\u00e1c khi\u1ebfu n\u1ea1i c\u1ee7a Kh\u00e1ch h\u00e0ng. C\u00e1c B\u1ed9 ph\u1eadn n\u00e0y ch\u1ee7 \u0111\u1ed9ng gi\u1ea3i quy\u1ebft nhanh ch\u00f3ng v\u00e0 tr\u1ea3 l\u1eddi ngay k\u1ebft qu\u1ea3 gi\u1ea3i quy\u1ebft c\u00e1c khi\u1ebfu n\u1ea1i tr\u00ean c\u01a1 s\u1edf c\u00e1c Ch\u00ednh s\u00e1ch m\u00e0 <strong>Monumentes<\/strong> \u0111\u00e3 c\u00f4ng b\u1ed1.<\/p>\n\n\n\n<p>B\u01b0\u1edbc 2: Trong tr\u01b0\u1eddng h\u1ee3p ph\u1ee9c t\u1ea1p ho\u1eb7c kh\u00f4ng \u0111\u01b0\u1ee3c quy \u0111\u1ecbnh t\u1ea1i c\u00e1c ch\u00ednh s\u00e1ch m\u00e0 <strong>Monumentes<\/strong> \u0111\u00e3 c\u00f4ng b\u1ed1 th\u00ec B\u1ed9 ph\u1eadn Ch\u0103m S\u00f3c Kh\u00e1ch H\u00e0ng \/ B\u1ed9 ph\u1eadn Kinh doanh s\u1ebd cam k\u1ebft th\u1eddi h\u1ea1n ph\u1ea3n h\u1ed3i cho Kh\u00e1ch h\u00e0ng kh\u00f4ng qu\u00e1 7 ng\u00e0y.<\/p>\n\n\n\n<p>B\u01b0\u1edbc 3: Chuy\u1ec3n k\u1ebft qu\u1ea3 gi\u1ea3i quy\u1ebft khi\u1ebfu n\u1ea1i cho c\u00e1c b\u1ed9 ph\u1eadn c\u00f3 li\u00ean quan \u0111\u1ec3 th\u1ef1c hi\u1ec7n (B\u1ed9 ph\u1eadn B\u00e1n h\u00e0ng, B\u1ed9 ph\u1eadn T\u01b0 v\u1ea5n\u2026) v\u00e0 g\u1ecdi \u0111i\u1ec7n x\u00e1c nh\u1eadn v\u1edbi Kh\u00e1ch h\u00e0ng v\u1ec1 k\u1ebft qu\u1ea3 khi\u1ebfu n\u1ea1i \u0111\u00e3 \u0111\u01b0\u1ee3c gi\u1ea3i quy\u1ebft.<\/p>\n\n\n\n<p>N\u1ebfu th\u00f4ng qua h\u00ecnh th\u1ee9c th\u1ecfa thu\u1eadn m\u00e0 v\u1eabn kh\u00f4ng th\u1ec3 gi\u1ea3i quy\u1ebft \u0111\u01b0\u1ee3c m\u00e2u thu\u1eabn ph\u00e1t sinh t\u1eeb giao d\u1ecbch, th\u00ec <strong>Monumentes<\/strong> s\u1ebd nh\u1edd \u0111\u1ebfn c\u01a1 quan ph\u00e1p lu\u1eadt c\u00f3 th\u1ea9m quy\u1ec1n can thi\u1ec7p nh\u1eb1m \u0111\u1ea3m b\u1ea3o l\u1ee3i \u00edch h\u1ee3p ph\u00e1p c\u1ee7a c\u00e1c b\u00ean nh\u1ea5t l\u00e0 cho kh\u00e1ch h\u00e0ng.<\/p>\n\n\n\n<p>M\u1ecdi th\u1eafc m\u1eafc xin li\u00ean h\u1ec7:<\/p>\n\n\n\n<p><strong>Momumentes Vietnam Company Limited<\/strong><br>\u0110\u1ecba ch\u1ec9: S\u1ed1 2 \u0111\u01b0\u1eddng Y\u1ebft Ki\u00eau, ph\u01b0\u1eddng Cam Ly \u2013 \u0110\u00e0 L\u1ea1t, t\u1ec9nh L\u00e2m \u0110\u1ed3ng<br>Email: info@madamededalat.vn<br>Hotline: 032 609 5000<\/p>\n\n\n\n<p><\/p>","protected":false},"excerpt":{"rendered":"<p>C\u00e1c ch\u00ednh s\u00e1ch \u0111\u1ed5i tr\u1ea3 v\u00e0 c\u01a1 ch\u1ebf gi\u1ea3i quy\u1ebft tranh ch\u1ea5p khi\u1ebfu n\u1ea1i tr\u00ean website: &#8211; T\u1ef1 th\u1ecfa thu\u1eadn&#8211; \u0110\u01b0a ra c\u01a1 quan ph\u00e1p lu\u1eadt&#8211; H\u00ecnh th\u1ee9c kh\u00e1c Monumentes ch\u1ecbu tr\u00e1ch nhi\u1ec7m gi\u1ea3i quy\u1ebft khi\u1ebfu n\u1ea1i c\u1ee7a Kh\u00e1ch h\u00e0ng li\u00ean quan \u0111\u1ebfn s\u1ea3n ph\u1ea9m\/d\u1ecbch v\u1ee5 do Monumentes cung c\u1ea5p tr\u00ean trang https:\/\/madamededalat.vn v\u00e0 https:\/\/booking.madamededalat.vn. &#8230;<\/p>","protected":false},"author":2,"featured_media":3793,"parent":0,"menu_order":0,"comment_status":"closed","ping_status":"closed","template":"template-wide-content.php","meta":{"cozystay_single_page_hide_site_header":"","cozystay_single_page_site_header_source":"","cozystay_single_page_custom_site_header":"0","cozystay_single_page_custom_sticky_site_header":"0","cozystay_single_page_hide_page_title":"","cozystay_single_page_header_section_size":"page-title-default","cozystay_single_page_header_background_color":"","cozystay_single_page_header_background_position_x":"center","cozystay_single_page_header_background_position_y":"center","cozystay_single_page_header_background_size":"cover","cozystay_single_page_header_background_repeat":"off","cozystay_single_page_header_background_scroll":"on","cozystay_single_page_header_text_color":"","cozystay_single_page_header_show_breadcrumb":"","cozystay_single_page_site_footer_hide_main":"","cozystay_single_custom_site_footer_main_source":"","cozystay_single_custom_site_footer_main":"0","cozystay_single_page_site_footer_hide_above":"","cozystay_single_custom_site_footer_above_source":"","cozystay_single_custom_site_footer_above":"0","cozystay_single_page_site_footer_hide_instagram":"","cozystay_single_page_site_footer_hide_bottom":"","cozystay_single_custom_mobile_menu_source":"","cozystay_single_custom_mobile_menu":"0","cozystay_single_custom_mobile_menu_animation":"","cozystay_single_custom_mobile_menu_width":"","cozystay_single_custom_mobile_menu_custom_width":375,"footnotes":""},"class_list":["post-3967","page","type-page","status-publish","has-post-thumbnail","hentry"],"_links":{"self":[{"href":"https:\/\/madamededalat.vn\/en\/wp-json\/wp\/v2\/pages\/3967","targetHints":{"allow":["GET"]}}],"collection":[{"href":"https:\/\/madamededalat.vn\/en\/wp-json\/wp\/v2\/pages"}],"about":[{"href":"https:\/\/madamededalat.vn\/en\/wp-json\/wp\/v2\/types\/page"}],"author":[{"embeddable":true,"href":"https:\/\/madamededalat.vn\/en\/wp-json\/wp\/v2\/users\/2"}],"replies":[{"embeddable":true,"href":"https:\/\/madamededalat.vn\/en\/wp-json\/wp\/v2\/comments?post=3967"}],"version-history":[{"count":9,"href":"https:\/\/madamededalat.vn\/en\/wp-json\/wp\/v2\/pages\/3967\/revisions"}],"predecessor-version":[{"id":4269,"href":"https:\/\/madamededalat.vn\/en\/wp-json\/wp\/v2\/pages\/3967\/revisions\/4269"}],"wp:featuredmedia":[{"embeddable":true,"href":"https:\/\/madamededalat.vn\/en\/wp-json\/wp\/v2\/media\/3793"}],"wp:attachment":[{"href":"https:\/\/madamededalat.vn\/en\/wp-json\/wp\/v2\/media?parent=3967"}],"curies":[{"name":"wp","href":"https:\/\/api.w.org\/{rel}","templated":true}]}}