{"id":3941,"date":"2024-12-14T23:46:50","date_gmt":"2024-12-14T16:46:50","guid":{"rendered":"https:\/\/madamededalat.vn\/?page_id=3941"},"modified":"2025-08-25T16:50:26","modified_gmt":"2025-08-25T09:50:26","slug":"chinh-sach-bao-mat-thong-tin","status":"publish","type":"page","link":"https:\/\/madamededalat.vn\/en\/chinh-sach-bao-mat-thong-tin","title":{"rendered":"Ch\u00ednh s\u00e1ch b\u1ea3o m\u1eadt th\u00f4ng tin"},"content":{"rendered":"<p><strong>Madame De Dalat<\/strong> t\u00f4n tr\u1ecdng th\u00f4ng tin c\u00e1 nh\u00e2n c\u1ee7a kh\u00e1ch h\u00e0ng. H\u00e3y \u0111\u1ecdc v\u00e0 t\u00ecm hi\u1ec3u nh\u1eefng quy \u0111\u1ecbnh b\u1ea3o m\u1eadt th\u00f4ng tin sau \u0111\u00e2y:<\/p>\n\n\n\n<h2 class=\"wp-block-heading\">M\u1ee5c \u0111\u00edch v\u00e0 ph\u1ea1m vi thu th\u1eadp<\/h2>\n\n\n\n<p>Vi\u1ec7c thu th\u1eadp d\u1eef li\u1ec7u ch\u1ee7 y\u1ebfu tr\u00ean website <strong>https:\/\/madamededalat.vn<\/strong> bao g\u1ed3m: h\u1ecd v\u00e0 t\u00ean, email, \u0111i\u1ec7n tho\u1ea1i&#8230; \u0110\u00e2y l\u00e0 c\u00e1c th\u00f4ng tin m\u00e0 website <strong>https:\/\/madamededalat.vn<\/strong> c\u1ea7n ng\u01b0\u1eddi mua h\u00e0ng cung c\u1ea5p b\u1eaft bu\u1ed9c khi \u0111\u1eb7t mua v\u00e9 tr\u00ean website nh\u1eb1m \u0111\u1ea3m b\u1ea3o quy\u1ec1n l\u1ee3i cho cho ng\u01b0\u1eddi ti\u00eau d\u00f9ng.<\/p>\n\n\n\n<p>Trong qu\u00e1 tr\u00ecnh giao d\u1ecbch thanh to\u00e1n t\u1ea1i <strong>https:\/\/madamededalat.vn<\/strong>, ch\u00fang t\u00f4i ch\u1ec9 l\u01b0u gi\u1eef th\u00f4ng tin chi ti\u1ebft v\u1ec1 m\u00e3 \u0111\u01a1n h\u00e0ng, gi\u00e1 tr\u1ecb \u0111\u01a1n h\u00e0ng, th\u1eddi gian kh\u00e1ch h\u00e0ng thanh to\u00e1n, m\u00e3 tham chi\u1ebfu giao d\u1ecbch, c\u00e1c th\u00f4ng tin v\u1ec1 s\u1ed1 t\u00e0i kho\u1ea3n ng\u00e2n h\u00e0ng c\u1ee7a th\u00e0nh vi\u00ean s\u1ebd kh\u00f4ng \u0111\u01b0\u1ee3c l\u01b0u gi\u1eef.<\/p>\n\n\n\n<h2 class=\"wp-block-heading\">Ph\u1ea1m vi s\u1eed d\u1ee5ng th\u00f4ng tin<\/h2>\n\n\n\n<p>Website <strong>https:\/\/madamededalat.vn\/<\/strong> s\u1eed d\u1ee5ng th\u00f4ng tin c\u00e1 nh\u00e2n c\u1ee7a kh\u00e1ch h\u00e0ng \u0111\u1ec3 ph\u1ee5c v\u1ee5 c\u00e1c m\u1ee5c \u0111\u00edch sau:<\/p>\n\n\n\n<ul class=\"wp-block-list\">\n<li>Cung c\u1ea5p c\u00e1c d\u1ecbch v\u1ee5 \u0111\u1ebfn kh\u00e1ch h\u00e0ng;<\/li>\n\n\n\n<li>G\u1eedi c\u00e1c th\u00f4ng b\u00e1o v\u1ec1 c\u00e1c ho\u1ea1t \u0111\u1ed9ng trao \u0111\u1ed5i th\u00f4ng tin gi\u1eefa kh\u00e1ch h\u00e0ng v\u00e0 https:\/\/booking.madamededalat.vn.<\/li>\n\n\n\n<li>Ng\u0103n ng\u1eeba c\u00e1c ho\u1ea1t \u0111\u1ed9ng ph\u00e1 h\u1ee7y t\u00e0i kho\u1ea3n ng\u01b0\u1eddi d\u00f9ng c\u1ee7a kh\u00e1ch h\u00e0ng ho\u1eb7c c\u00e1c ho\u1ea1t \u0111\u1ed9ng gi\u1ea3 m\u1ea1o kh\u00e1ch h\u00e0ng.<\/li>\n\n\n\n<li>Li\u00ean l\u1ea1c v\u00e0 gi\u1ea3i quy\u1ebft v\u1edbi kh\u00e1ch h\u00e0ng trong nh\u1eefng tr\u01b0\u1eddng h\u1ee3p \u0111\u1eb7c bi\u1ec7t.<\/li>\n<\/ul>\n\n\n\n<p>Th\u00f4ng tin c\u00e1 nh\u00e2n c\u1ee7a kh\u00e1ch h\u00e0ng s\u1ebd kh\u00f4ng b\u1ecb chia s\u1ebb v\u1edbi b\u1ea5t k\u1ef3 b\u00ean th\u1ee9 ba n\u00e0o khi ch\u01b0a c\u00f3 s\u1ef1 \u0111\u1ed3ng \u00fd c\u1ee7a kh\u00e1ch h\u00e0ng. Nh\u01b0ng ch\u00fang t\u00f4i c\u00f3 th\u1ec3 chia s\u1ebb th\u00f4ng tin cho b\u00ean \u0111\u1ed1i t\u00e1c khi kh\u00e1ch h\u00e0ng \u0111\u1ed3ng \u00fd. D\u1eef li\u1ec7u kh\u00e1ch h\u00e0ng c\u1ee7a <strong>https:\/\/madamededalat.vn<\/strong> c\u00f3 th\u1ec3 \u0111\u01b0\u1ee3c chuy\u1ec3n nh\u01b0\u1ee3ng cho ng\u01b0\u1eddi k\u1ebf th\u1eeba, hay ng\u01b0\u1eddi \u0111\u01b0\u1ee3c ch\u1ec9 \u0111\u1ecbnh \u0111\u1ec3 qu\u1ea3n l\u00fd c\u00f4ng ty khi c\u00f4ng ty b\u1ecb s\u00e1p nh\u1eadp, b\u1ecb mua l\u1ea1i ho\u1eb7c ph\u00e1 s\u1ea3n.<\/p>\n\n\n\n<h2 class=\"wp-block-heading\">Th\u1eddi gian l\u01b0u tr\u1eef th\u00f4ng tin<\/h2>\n\n\n\n<p>Trong m\u1ecdi tr\u01b0\u1eddng h\u1ee3p th\u00f4ng tin kh\u00e1ch h\u00e0ng s\u1ebd \u0111\u01b0\u1ee3c b\u1ea3o m\u1eadt tr\u00ean m\u00e1y ch\u1ee7 c\u1ee7a <strong>https:\/\/madamededalat.vn<\/strong> trong ph\u1ea1m vi ph\u00f9 h\u1ee3p v\u00e0 c\u1ea7n thi\u1ebft cho m\u1ee5c \u0111\u00edch ph\u1ee5c v\u1ee5 \u0111\u00fang \u0111\u1eafn c\u1ee7a ch\u00fang t\u00f4i.<\/p>\n\n\n\n<h2 class=\"wp-block-heading\">Nh\u1eefng ng\u01b0\u1eddi ho\u1eb7c t\u1ed5 ch\u1ee9c c\u00f3 quy\u1ec1n ti\u1ebfp nh\u1eadn th\u00f4ng tin<\/h2>\n\n\n\n<p>Website <strong>https:\/\/madamededalat.vn<\/strong> \u0111\u01b0\u1ee3c quy\u1ec1n ti\u1ebfp c\u1eadn c\u00e1c th\u00f4ng tin c\u00e1 nh\u00e2n c\u1ee7a kh\u00e1ch h\u00e0ng. Th\u00f4ng tin c\u00e1 nh\u00e2n c\u1ee7a kh\u00e1ch h\u00e0ng s\u1ebd kh\u00f4ng b\u1ecb chia s\u1ebb v\u1edbi b\u1ea5t k\u1ef3 b\u00ean th\u1ee9 ba n\u00e0o khi ch\u01b0a c\u00f3 s\u1ef1 \u0111\u1ed3ng \u00fd c\u1ee7a kh\u00e1ch h\u00e0ng. Nh\u01b0ng ch\u00fang t\u00f4i c\u00f3 th\u1ec3 chia s\u1ebb th\u00f4ng tin cho b\u00ean \u0111\u1ed1i t\u00e1c khi kh\u00e1ch h\u00e0ng \u0111\u1ed3ng \u00fd. D\u1eef li\u1ec7u kh\u00e1ch h\u00e0ng c\u1ee7a <strong>https:\/\/madamededalat.vn<\/strong> c\u00f3 th\u1ec3 \u0111\u01b0\u1ee3c chuy\u1ec3n nh\u01b0\u1ee3ng cho ng\u01b0\u1eddi k\u1ebf th\u1eeba, hay ng\u01b0\u1eddi \u0111\u01b0\u1ee3c ch\u1ec9 \u0111\u1ecbnh \u0111\u1ec3 qu\u1ea3n l\u00fd c\u00f4ng ty khi c\u00f4ng ty b\u1ecb s\u00e1t nh\u1eadp, b\u1ecb mua l\u1ea1i ho\u1eb7c ph\u00e1 s\u1ea3n.<\/p>\n\n\n\n<p><strong>\u0110\u1ecba ch\u1ec9 c\u1ee7a \u0111\u01a1n v\u1ecb thu th\u1eadp v\u00e0 qu\u1ea3n l\u00fd th\u00f4ng tin c\u00e1 nh\u00e2n<\/strong><br>Madame De Dalat<br>\u0110\u1ecba ch\u1ec9: S\u1ed1 2 \u0111\u01b0\u1eddng Y\u1ebft Ki\u00eau, ph\u01b0\u1eddng Cam Ly \u2013 \u0110\u00e0 L\u1ea1t, t\u1ec9nh L\u00e2m \u0110\u1ed3ng<br>\u0110i\u1ec7n tho\u1ea1i: 096 894 92 95<br>Tax code: 4201921336<\/p>\n\n\n\n<h2 class=\"wp-block-heading\">Cam k\u1ebft b\u1ea3o m\u1eadt th\u00f4ng tin c\u00e1 nh\u00e2n kh\u00e1ch h\u00e0ng<\/h2>\n\n\n\n<p>Ch\u00fang t\u00f4i ch\u1ec9 t\u1eadp h\u1ee3p l\u1ea1i c\u00e1c th\u00f4ng tin c\u00e1 nh\u00e2n trong ph\u1ea1m vi ph\u00f9 h\u1ee3p v\u00e0 c\u1ea7n thi\u1ebft cho m\u1ee5c \u0111\u00edch ph\u1ee5c v\u1ee5 \u0111\u00fang \u0111\u1eafn c\u1ee7a ch\u00fang t\u00f4i. V\u00e0 ch\u00fang t\u00f4i duy tr\u00ec c\u00e1c bi\u1ec7n ph\u00e1p th\u00edch h\u1ee3p nh\u1eb1m b\u1ea3o \u0111\u1ea3m t\u00ednh an to\u00e0n, nguy\u00ean v\u1eb9n, \u0111\u1ed9 ch\u00ednh x\u00e1c, v\u00e0 t\u00ednh b\u1ea3o m\u1eadt nh\u1eefng th\u00f4ng tin m\u00e0 kh\u00e1ch h\u00e0ng \u0111\u00e3 cung c\u1ea5p. Ngo\u00e0i ra, ch\u00fang t\u00f4i c\u0169ng c\u00f3 nh\u1eefng bi\u1ec7n ph\u00e1p th\u00edch h\u1ee3p \u0111\u1ec3 \u0111\u1ea3m b\u1ea3o r\u1eb1ng b\u00ean th\u1ee9 ba c\u0169ng s\u1eed d\u1ee5ng c\u00e1c bi\u1ec7n ph\u00e1p b\u1ea3o \u0111\u1ea3m an to\u00e0n cho c\u00e1c th\u00f4ng tin m\u00e0 ch\u00fang t\u00f4i cung c\u1ea5p cho h\u1ecd n\u1ebfu c\u00f3.<\/p>\n\n\n\n<h2 class=\"wp-block-heading\">Cam k\u1ebft b\u1ea3o m\u1eadt th\u00f4ng tin thanh to\u00e1n<\/h2>\n\n\n\n<p>H\u1ec7 th\u1ed1ng thanh to\u00e1n tr\u00ean website <strong>https:\/\/madamededalat.vn<\/strong> \u0111\u01b0\u1ee3c cung c\u1ea5p b\u1edfi c\u00e1c \u0111\u1ed1i t\u00e1c c\u1ed5ng thanh to\u00e1n \u0111\u00e3 \u0111\u01b0\u1ee3c c\u1ea5p ph\u00e9p ho\u1ea1t \u0111\u1ed9ng h\u1ee3p ph\u00e1p t\u1ea1i Vi\u1ec7t Nam (\u201c\u0110\u1ed1i T\u00e1c C\u1ed5ng Thanh To\u00e1n\u201d). Theo \u0111\u00f3, c\u00e1c ti\u00eau chu\u1ea9n b\u1ea3o m\u1eadt thanh to\u00e1n c\u1ee7a<strong> https:\/\/madamededalat.vn<\/strong> \u0111\u1ea3m b\u1ea3o tu\u00e2n th\u1ee7 theo c\u00e1c ti\u00eau chu\u1ea9n b\u1ea3o m\u1eadt c\u1ee7a \u0110\u1ed1i T\u00e1c C\u1ed5ng Thanh To\u00e1n.<\/p>\n\n\n\n<p>Khi kh\u00e1ch h\u00e0ng thanh to\u00e1n b\u1eb1ng c\u00e1c d\u1ecbch v\u1ee5 thanh to\u00e1n tr\u00ean website <strong>https:\/\/madamededalat.vn<\/strong> (thanh to\u00e1n kh\u00f4ng d\u00f9ng ti\u1ec1n m\u1eb7t); <strong>https:\/\/madamededalat.vn<\/strong> thu th\u1eadp nh\u1eefng th\u00f4ng tin sau:<\/p>\n\n\n\n<ul class=\"wp-block-list\">\n<li>M\u00e3 \u0111\u01a1n h\u00e0ng c\u1ee7a kh\u00e1ch h\u00e0ng<\/li>\n\n\n\n<li>Gi\u00e1 tr\u1ecb \u0111\u01a1n h\u00e0ng (s\u1ed1 ti\u1ec1n m\u00e0 kh\u00e1ch h\u00e0ng thanh to\u00e1n)<\/li>\n\n\n\n<li>Th\u1eddi \u0111i\u1ec3m kh\u00e1ch h\u00e0ng thanh to\u00e1n<\/li>\n\n\n\n<li>M\u00e3 tham chi\u1ebfu \u0111\u1ebfn giao d\u1ecbch c\u1ee7a \u0110\u1ed1i T\u00e1c C\u1ed5ng Thanh To\u00e1n<\/li>\n<\/ul>\n\n\n\n<p>Website <strong>https:\/\/madamededalat.vn<\/strong> kh\u00f4ng thu th\u1eadp, l\u01b0u tr\u1eef c\u00e1c th\u00f4ng tin chi ti\u1ebft t\u00e0i kho\u1ea3n ng\u00e2n h\u00e0ng, sao k\u00ea t\u00e0i kho\u1ea3n, th\u00f4ng tin th\u1ebb thanh to\u00e1n, d\u1eef li\u1ec7u quan tr\u1ecdng c\u1ee7a th\u1ebb thanh to\u00e1n \u0111\u01b0\u1ee3c s\u1eed d\u1ee5ng cho vi\u1ec7c thanh to\u00e1n bao g\u1ed3m nh\u01b0ng kh\u00f4ng gi\u1edbi h\u1ea1n s\u1ed1 th\u1ebb chi ti\u1ebft, s\u1ed1 CVV ho\u1eb7c m\u00e3 s\u1ed1 x\u00e1c th\u1ef1c kh\u00e1c c\u00f3 gi\u00e1 tr\u1ecb ph\u00e1p l\u00fd t\u01b0\u01a1ng \u0111\u01b0\u01a1ng.<\/p>\n\n\n\n<p>C\u00e1c th\u00f4ng tin v\u1ec1 thanh to\u00e1n c\u1ee7a qu\u00fd kh\u00e1ch s\u1ebd \u0111\u01b0\u1ee3c l\u01b0u tr\u1eef v\u00e0 b\u1ea3o m\u1eadt tr\u00ean (c\u00e1c) \u0110\u1ed1i T\u00e1c C\u1ed5ng Thanh To\u00e1n.<\/p>","protected":false},"excerpt":{"rendered":"<p>Madame De Dalat t\u00f4n tr\u1ecdng th\u00f4ng tin c\u00e1 nh\u00e2n c\u1ee7a kh\u00e1ch h\u00e0ng. H\u00e3y \u0111\u1ecdc v\u00e0 t\u00ecm hi\u1ec3u nh\u1eefng quy \u0111\u1ecbnh b\u1ea3o m\u1eadt th\u00f4ng tin sau \u0111\u00e2y: M\u1ee5c \u0111\u00edch v\u00e0 ph\u1ea1m vi thu th\u1eadp Vi\u1ec7c thu th\u1eadp d\u1eef li\u1ec7u ch\u1ee7 y\u1ebfu tr\u00ean website https:\/\/madamededalat.vn bao g\u1ed3m: h\u1ecd v\u00e0 t\u00ean, email, \u0111i\u1ec7n tho\u1ea1i&#8230; \u0110\u00e2y l\u00e0 c\u00e1c th\u00f4ng &#8230;<\/p>","protected":false},"author":2,"featured_media":3338,"parent":0,"menu_order":0,"comment_status":"closed","ping_status":"closed","template":"template-fullwidth.php","meta":{"cozystay_single_page_hide_site_header":"","cozystay_single_page_site_header_source":"","cozystay_single_page_custom_site_header":"0","cozystay_single_page_custom_sticky_site_header":"0","cozystay_single_page_hide_page_title":"","cozystay_single_page_header_section_size":"","cozystay_single_page_header_background_color":"","cozystay_single_page_header_background_position_x":"center","cozystay_single_page_header_background_position_y":"center","cozystay_single_page_header_background_size":"cover","cozystay_single_page_header_background_repeat":"off","cozystay_single_page_header_background_scroll":"on","cozystay_single_page_header_text_color":"","cozystay_single_page_header_show_breadcrumb":"","cozystay_single_page_site_footer_hide_main":"","cozystay_single_custom_site_footer_main_source":"","cozystay_single_custom_site_footer_main":"0","cozystay_single_page_site_footer_hide_above":"","cozystay_single_custom_site_footer_above_source":"","cozystay_single_custom_site_footer_above":"0","cozystay_single_page_site_footer_hide_instagram":"","cozystay_single_page_site_footer_hide_bottom":"","cozystay_single_custom_mobile_menu_source":"","cozystay_single_custom_mobile_menu":"0","cozystay_single_custom_mobile_menu_animation":"","cozystay_single_custom_mobile_menu_width":"","cozystay_single_custom_mobile_menu_custom_width":375,"footnotes":""},"class_list":["post-3941","page","type-page","status-publish","has-post-thumbnail","hentry"],"_links":{"self":[{"href":"https:\/\/madamededalat.vn\/en\/wp-json\/wp\/v2\/pages\/3941","targetHints":{"allow":["GET"]}}],"collection":[{"href":"https:\/\/madamededalat.vn\/en\/wp-json\/wp\/v2\/pages"}],"about":[{"href":"https:\/\/madamededalat.vn\/en\/wp-json\/wp\/v2\/types\/page"}],"author":[{"embeddable":true,"href":"https:\/\/madamededalat.vn\/en\/wp-json\/wp\/v2\/users\/2"}],"replies":[{"embeddable":true,"href":"https:\/\/madamededalat.vn\/en\/wp-json\/wp\/v2\/comments?post=3941"}],"version-history":[{"count":7,"href":"https:\/\/madamededalat.vn\/en\/wp-json\/wp\/v2\/pages\/3941\/revisions"}],"predecessor-version":[{"id":4268,"href":"https:\/\/madamededalat.vn\/en\/wp-json\/wp\/v2\/pages\/3941\/revisions\/4268"}],"wp:featuredmedia":[{"embeddable":true,"href":"https:\/\/madamededalat.vn\/en\/wp-json\/wp\/v2\/media\/3338"}],"wp:attachment":[{"href":"https:\/\/madamededalat.vn\/en\/wp-json\/wp\/v2\/media?parent=3941"}],"curies":[{"name":"wp","href":"https:\/\/api.w.org\/{rel}","templated":true}]}}