{"id":3392,"date":"2024-10-06T22:53:22","date_gmt":"2024-10-06T15:53:22","guid":{"rendered":"https:\/\/madamededalat.vn\/?page_id=3392"},"modified":"2024-10-21T21:17:19","modified_gmt":"2024-10-21T14:17:19","slug":"madame-show","status":"publish","type":"page","link":"https:\/\/madamededalat.vn\/en\/gioi-thieu\/madame-show","title":{"rendered":"The Madame Show"},"content":{"rendered":"<div data-elementor-type=\"wp-page\" data-elementor-id=\"3392\" class=\"elementor elementor-3392\" data-elementor-post-type=\"page\">\n\t\t\t\t<div class=\"elementor-element elementor-element-a71fdc8 e-con-full e-flex e-con e-parent\" data-id=\"a71fdc8\" data-element_type=\"container\" data-e-type=\"container\">\n\t\t\t\t<div class=\"elementor-element elementor-element-afd3d63 elementor-widget elementor-widget-image\" data-id=\"afd3d63\" data-element_type=\"widget\" data-e-type=\"widget\" data-widget_type=\"image.default\">\n\t\t\t\t<div class=\"elementor-widget-container\">\n\t\t\t\t\t\t\t\t\t\t\t\t\t\t\t<img fetchpriority=\"high\" decoding=\"async\" width=\"2460\" height=\"1080\" src=\"https:\/\/madamededalat.vn\/wp-content\/uploads\/2024\/10\/banner-madame-show.jpg\" class=\"attachment-full size-full wp-image-3394\" alt=\"\" srcset=\"https:\/\/madamededalat.vn\/wp-content\/uploads\/2024\/10\/banner-madame-show.jpg 2460w, https:\/\/madamededalat.vn\/wp-content\/uploads\/2024\/10\/banner-madame-show-768x337.jpg 768w, https:\/\/madamededalat.vn\/wp-content\/uploads\/2024\/10\/banner-madame-show-1536x674.jpg 1536w, https:\/\/madamededalat.vn\/wp-content\/uploads\/2024\/10\/banner-madame-show-2048x899.jpg 2048w, https:\/\/madamededalat.vn\/wp-content\/uploads\/2024\/10\/banner-madame-show-1920x843.jpg 1920w, https:\/\/madamededalat.vn\/wp-content\/uploads\/2024\/10\/banner-madame-show-1440x632.jpg 1440w, https:\/\/madamededalat.vn\/wp-content\/uploads\/2024\/10\/banner-madame-show-1200x527.jpg 1200w, https:\/\/madamededalat.vn\/wp-content\/uploads\/2024\/10\/banner-madame-show-780x342.jpg 780w, https:\/\/madamededalat.vn\/wp-content\/uploads\/2024\/10\/banner-madame-show-600x263.jpg 600w, https:\/\/madamededalat.vn\/wp-content\/uploads\/2024\/10\/banner-madame-show-550x241.jpg 550w, https:\/\/madamededalat.vn\/wp-content\/uploads\/2024\/10\/banner-madame-show-370x162.jpg 370w, https:\/\/madamededalat.vn\/wp-content\/uploads\/2024\/10\/banner-madame-show-255x112.jpg 255w\" sizes=\"(max-width: 2460px) 100vw, 2460px\" \/>\t\t\t\t\t\t\t\t\t\t\t\t\t\t\t<\/div>\n\t\t\t\t<\/div>\n\t\t\t\t<\/div>\n\t\t<div class=\"elementor-element elementor-element-69687b5 e-flex e-con-boxed e-con e-parent\" data-id=\"69687b5\" data-element_type=\"container\" data-e-type=\"container\">\n\t\t\t\t\t<div class=\"e-con-inner\">\n\t\t\t\t<div class=\"elementor-element elementor-element-90e50d0 elementor-widget elementor-widget-heading\" data-id=\"90e50d0\" data-element_type=\"widget\" data-e-type=\"widget\" data-widget_type=\"heading.default\">\n\t\t\t\t<div class=\"elementor-widget-container\">\n\t\t\t\t\t<h1 class=\"elementor-heading-title elementor-size-default\">The Madame Show<\/h1>\t\t\t\t<\/div>\n\t\t\t\t<\/div>\n\t\t\t\t<div class=\"elementor-element elementor-element-dd82144 elementor-widget elementor-widget-text-editor\" data-id=\"dd82144\" data-element_type=\"widget\" data-e-type=\"widget\" data-widget_type=\"text-editor.default\">\n\t\t\t\t<div class=\"elementor-widget-container\">\n\t\t\t\t\t\t\t\t\t<p>Set on a unique stage over the mystical hot water lake of the vintage Bach Ngoc villa, Madame Show is a space dedicated to honoring and recalling Dalat's century-old legacy.<\/p><p>Nhung Duong Chim Bay (The Paths of Flying Birds), a one-of-a-kind live theatrical show, the first and only in Dalat, and possibly in Vietnam, serves as Madame Show\u2019s tribute to guests and to all who have come to love this place.<\/p><p>The performance unfolds like a film rewinding, leading visitors on a journey back to explore and reawaken the charm of the Lam Vien Plateau, with over 130 years of history, legendary tales, and eerie love stories that continue to enchant visitors today and surely for years to come.<\/p><p>Madame Show \u2013 The Flight Paths is also a special tribute to one person \u2013 <strong>Doctor Alexandre Yersin.<\/strong><\/p>\t\t\t\t\t\t\t\t<\/div>\n\t\t\t\t<\/div>\n\t\t\t\t\t<\/div>\n\t\t\t\t<\/div>\n\t\t<div class=\"elementor-element elementor-element-563d8b9 e-flex e-con-boxed e-con e-parent\" data-id=\"563d8b9\" data-element_type=\"container\" data-e-type=\"container\">\n\t\t\t\t\t<div class=\"e-con-inner\">\n\t\t\t\t<div class=\"elementor-element elementor-element-c53aa82 elementor-widget elementor-widget-gallery\" data-id=\"c53aa82\" data-element_type=\"widget\" data-e-type=\"widget\" data-settings=\"{&quot;gallery_layout&quot;:&quot;justified&quot;,&quot;ideal_row_height&quot;:{&quot;unit&quot;:&quot;px&quot;,&quot;size&quot;:400,&quot;sizes&quot;:[]},&quot;ideal_row_height_tablet&quot;:{&quot;unit&quot;:&quot;px&quot;,&quot;size&quot;:200,&quot;sizes&quot;:[]},&quot;ideal_row_height_mobile&quot;:{&quot;unit&quot;:&quot;px&quot;,&quot;size&quot;:200,&quot;sizes&quot;:[]},&quot;gap&quot;:{&quot;unit&quot;:&quot;px&quot;,&quot;size&quot;:16,&quot;sizes&quot;:[]},&quot;lazyload&quot;:&quot;yes&quot;,&quot;gap_tablet&quot;:{&quot;unit&quot;:&quot;px&quot;,&quot;size&quot;:10,&quot;sizes&quot;:[]},&quot;gap_mobile&quot;:{&quot;unit&quot;:&quot;px&quot;,&quot;size&quot;:10,&quot;sizes&quot;:[]},&quot;link_to&quot;:&quot;file&quot;,&quot;overlay_background&quot;:&quot;yes&quot;,&quot;content_hover_animation&quot;:&quot;fade-in&quot;}\" data-widget_type=\"gallery.default\">\n\t\t\t\t<div class=\"elementor-widget-container\">\n\t\t\t\t\t\t\t<div class=\"elementor-gallery__container\">\n\t\t\t\t\t\t\t<a class=\"e-gallery-item elementor-gallery-item elementor-animated-content\" href=\"https:\/\/madamededalat.vn\/wp-content\/uploads\/2024\/10\/hinh-thuc-te-madame-show-2.jpg\" data-elementor-open-lightbox=\"yes\" data-elementor-lightbox-slideshow=\"c53aa82\" data-elementor-lightbox-title=\"hinh-thuc-te-madame-show-2\" data-e-action-hash=\"#elementor-action%3Aaction%3Dlightbox%26settings%3DeyJpZCI6MzQwNCwidXJsIjoiaHR0cHM6XC9cL21hZGFtZWRlZGFsYXQudm5cL3dwLWNvbnRlbnRcL3VwbG9hZHNcLzIwMjRcLzEwXC9oaW5oLXRodWMtdGUtbWFkYW1lLXNob3ctMi5qcGciLCJzbGlkZXNob3ciOiJjNTNhYTgyIn0%3D\">\n\t\t\t\t\t<div class=\"e-gallery-image elementor-gallery-item__image\" data-thumbnail=\"https:\/\/madamededalat.vn\/wp-content\/uploads\/2024\/10\/hinh-thuc-te-madame-show-2.jpg\" data-width=\"2048\" data-height=\"1365\" aria-label=\"\" role=\"img\" ><\/div>\n\t\t\t\t\t\t\t\t\t\t\t<div class=\"elementor-gallery-item__overlay\"><\/div>\n\t\t\t\t\t\t\t\t\t\t\t\t\t\t<\/a>\n\t\t\t\t\t\t\t<a class=\"e-gallery-item elementor-gallery-item elementor-animated-content\" href=\"https:\/\/madamededalat.vn\/wp-content\/uploads\/2024\/10\/hinh-thuc-te-madame-show-3.jpg\" data-elementor-open-lightbox=\"yes\" data-elementor-lightbox-slideshow=\"c53aa82\" data-elementor-lightbox-title=\"hinh-thuc-te-madame-show-3\" data-e-action-hash=\"#elementor-action%3Aaction%3Dlightbox%26settings%3DeyJpZCI6MzQwNSwidXJsIjoiaHR0cHM6XC9cL21hZGFtZWRlZGFsYXQudm5cL3dwLWNvbnRlbnRcL3VwbG9hZHNcLzIwMjRcLzEwXC9oaW5oLXRodWMtdGUtbWFkYW1lLXNob3ctMy5qcGciLCJzbGlkZXNob3ciOiJjNTNhYTgyIn0%3D\">\n\t\t\t\t\t<div class=\"e-gallery-image elementor-gallery-item__image\" data-thumbnail=\"https:\/\/madamededalat.vn\/wp-content\/uploads\/2024\/10\/hinh-thuc-te-madame-show-3.jpg\" data-width=\"2048\" data-height=\"1365\" aria-label=\"\" role=\"img\" ><\/div>\n\t\t\t\t\t\t\t\t\t\t\t<div class=\"elementor-gallery-item__overlay\"><\/div>\n\t\t\t\t\t\t\t\t\t\t\t\t\t\t<\/a>\n\t\t\t\t\t\t\t<a class=\"e-gallery-item elementor-gallery-item elementor-animated-content\" href=\"https:\/\/madamededalat.vn\/wp-content\/uploads\/2024\/10\/hinh-thuc-te-madame-show-6.jpg\" data-elementor-open-lightbox=\"yes\" data-elementor-lightbox-slideshow=\"c53aa82\" data-elementor-lightbox-title=\"hinh-thuc-te-madame-show-6\" data-e-action-hash=\"#elementor-action%3Aaction%3Dlightbox%26settings%3DeyJpZCI6MzQwNiwidXJsIjoiaHR0cHM6XC9cL21hZGFtZWRlZGFsYXQudm5cL3dwLWNvbnRlbnRcL3VwbG9hZHNcLzIwMjRcLzEwXC9oaW5oLXRodWMtdGUtbWFkYW1lLXNob3ctNi5qcGciLCJzbGlkZXNob3ciOiJjNTNhYTgyIn0%3D\">\n\t\t\t\t\t<div class=\"e-gallery-image elementor-gallery-item__image\" data-thumbnail=\"https:\/\/madamededalat.vn\/wp-content\/uploads\/2024\/10\/hinh-thuc-te-madame-show-6.jpg\" data-width=\"2048\" data-height=\"1365\" aria-label=\"\" role=\"img\" ><\/div>\n\t\t\t\t\t\t\t\t\t\t\t<div class=\"elementor-gallery-item__overlay\"><\/div>\n\t\t\t\t\t\t\t\t\t\t\t\t\t\t<\/a>\n\t\t\t\t\t\t\t<a class=\"e-gallery-item elementor-gallery-item elementor-animated-content\" href=\"https:\/\/madamededalat.vn\/wp-content\/uploads\/2024\/10\/hinh-thuc-te-madame-show-1.jpg\" data-elementor-open-lightbox=\"yes\" data-elementor-lightbox-slideshow=\"c53aa82\" data-elementor-lightbox-title=\"hinh-thuc-te-madame-show-1\" data-e-action-hash=\"#elementor-action%3Aaction%3Dlightbox%26settings%3DeyJpZCI6MzQwNywidXJsIjoiaHR0cHM6XC9cL21hZGFtZWRlZGFsYXQudm5cL3dwLWNvbnRlbnRcL3VwbG9hZHNcLzIwMjRcLzEwXC9oaW5oLXRodWMtdGUtbWFkYW1lLXNob3ctMS5qcGciLCJzbGlkZXNob3ciOiJjNTNhYTgyIn0%3D\">\n\t\t\t\t\t<div class=\"e-gallery-image elementor-gallery-item__image\" data-thumbnail=\"https:\/\/madamededalat.vn\/wp-content\/uploads\/2024\/10\/hinh-thuc-te-madame-show-1.jpg\" data-width=\"2048\" data-height=\"1365\" aria-label=\"\" role=\"img\" ><\/div>\n\t\t\t\t\t\t\t\t\t\t\t<div class=\"elementor-gallery-item__overlay\"><\/div>\n\t\t\t\t\t\t\t\t\t\t\t\t\t\t<\/a>\n\t\t\t\t\t\t\t<a class=\"e-gallery-item elementor-gallery-item elementor-animated-content\" href=\"https:\/\/madamededalat.vn\/wp-content\/uploads\/2024\/10\/hinh-thuc-te-madame-show-11.jpg\" data-elementor-open-lightbox=\"yes\" data-elementor-lightbox-slideshow=\"c53aa82\" data-elementor-lightbox-title=\"hinh-thuc-te-madame-show-11\" data-e-action-hash=\"#elementor-action%3Aaction%3Dlightbox%26settings%3DeyJpZCI6MzQwOSwidXJsIjoiaHR0cHM6XC9cL21hZGFtZWRlZGFsYXQudm5cL3dwLWNvbnRlbnRcL3VwbG9hZHNcLzIwMjRcLzEwXC9oaW5oLXRodWMtdGUtbWFkYW1lLXNob3ctMTEuanBnIiwic2xpZGVzaG93IjoiYzUzYWE4MiJ9\">\n\t\t\t\t\t<div class=\"e-gallery-image elementor-gallery-item__image\" data-thumbnail=\"https:\/\/madamededalat.vn\/wp-content\/uploads\/2024\/10\/hinh-thuc-te-madame-show-11.jpg\" data-width=\"2048\" data-height=\"1366\" aria-label=\"\" role=\"img\" ><\/div>\n\t\t\t\t\t\t\t\t\t\t\t<div class=\"elementor-gallery-item__overlay\"><\/div>\n\t\t\t\t\t\t\t\t\t\t\t\t\t\t<\/a>\n\t\t\t\t\t\t\t<a class=\"e-gallery-item elementor-gallery-item elementor-animated-content\" href=\"https:\/\/madamededalat.vn\/wp-content\/uploads\/2024\/10\/hinh-thuc-te-madame-show-4.jpg\" data-elementor-open-lightbox=\"yes\" data-elementor-lightbox-slideshow=\"c53aa82\" data-elementor-lightbox-title=\"hinh-thuc-te-madame-show-4\" data-e-action-hash=\"#elementor-action%3Aaction%3Dlightbox%26settings%3DeyJpZCI6MzQxMCwidXJsIjoiaHR0cHM6XC9cL21hZGFtZWRlZGFsYXQudm5cL3dwLWNvbnRlbnRcL3VwbG9hZHNcLzIwMjRcLzEwXC9oaW5oLXRodWMtdGUtbWFkYW1lLXNob3ctNC5qcGciLCJzbGlkZXNob3ciOiJjNTNhYTgyIn0%3D\">\n\t\t\t\t\t<div class=\"e-gallery-image elementor-gallery-item__image\" data-thumbnail=\"https:\/\/madamededalat.vn\/wp-content\/uploads\/2024\/10\/hinh-thuc-te-madame-show-4.jpg\" data-width=\"2048\" data-height=\"1366\" aria-label=\"\" role=\"img\" ><\/div>\n\t\t\t\t\t\t\t\t\t\t\t<div class=\"elementor-gallery-item__overlay\"><\/div>\n\t\t\t\t\t\t\t\t\t\t\t\t\t\t<\/a>\n\t\t\t\t\t\t\t<a class=\"e-gallery-item elementor-gallery-item elementor-animated-content\" href=\"https:\/\/madamededalat.vn\/wp-content\/uploads\/2024\/10\/hinh-thuc-te-madame-show-10.jpg\" data-elementor-open-lightbox=\"yes\" data-elementor-lightbox-slideshow=\"c53aa82\" data-elementor-lightbox-title=\"hinh-thuc-te-madame-show-10\" data-e-action-hash=\"#elementor-action%3Aaction%3Dlightbox%26settings%3DeyJpZCI6MzQxMSwidXJsIjoiaHR0cHM6XC9cL21hZGFtZWRlZGFsYXQudm5cL3dwLWNvbnRlbnRcL3VwbG9hZHNcLzIwMjRcLzEwXC9oaW5oLXRodWMtdGUtbWFkYW1lLXNob3ctMTAuanBnIiwic2xpZGVzaG93IjoiYzUzYWE4MiJ9\">\n\t\t\t\t\t<div class=\"e-gallery-image elementor-gallery-item__image\" data-thumbnail=\"https:\/\/madamededalat.vn\/wp-content\/uploads\/2024\/10\/hinh-thuc-te-madame-show-10.jpg\" data-width=\"2048\" data-height=\"1366\" aria-label=\"\" role=\"img\" ><\/div>\n\t\t\t\t\t\t\t\t\t\t\t<div class=\"elementor-gallery-item__overlay\"><\/div>\n\t\t\t\t\t\t\t\t\t\t\t\t\t\t<\/a>\n\t\t\t\t\t\t\t<a class=\"e-gallery-item elementor-gallery-item elementor-animated-content\" href=\"https:\/\/madamededalat.vn\/wp-content\/uploads\/2024\/10\/hinh-thuc-te-madame-show-8.jpg\" data-elementor-open-lightbox=\"yes\" data-elementor-lightbox-slideshow=\"c53aa82\" data-elementor-lightbox-title=\"hinh-thuc-te-madame-show-8\" data-e-action-hash=\"#elementor-action%3Aaction%3Dlightbox%26settings%3DeyJpZCI6MzQxMiwidXJsIjoiaHR0cHM6XC9cL21hZGFtZWRlZGFsYXQudm5cL3dwLWNvbnRlbnRcL3VwbG9hZHNcLzIwMjRcLzEwXC9oaW5oLXRodWMtdGUtbWFkYW1lLXNob3ctOC5qcGciLCJzbGlkZXNob3ciOiJjNTNhYTgyIn0%3D\">\n\t\t\t\t\t<div class=\"e-gallery-image elementor-gallery-item__image\" data-thumbnail=\"https:\/\/madamededalat.vn\/wp-content\/uploads\/2024\/10\/hinh-thuc-te-madame-show-8.jpg\" data-width=\"2048\" data-height=\"1366\" aria-label=\"\" role=\"img\" ><\/div>\n\t\t\t\t\t\t\t\t\t\t\t<div class=\"elementor-gallery-item__overlay\"><\/div>\n\t\t\t\t\t\t\t\t\t\t\t\t\t\t<\/a>\n\t\t\t\t\t\t\t<a class=\"e-gallery-item elementor-gallery-item elementor-animated-content\" href=\"https:\/\/madamededalat.vn\/wp-content\/uploads\/2024\/10\/hinh-thuc-te-madame-show-9.jpg\" data-elementor-open-lightbox=\"yes\" data-elementor-lightbox-slideshow=\"c53aa82\" data-elementor-lightbox-title=\"hinh-thuc-te-madame-show-9\" data-e-action-hash=\"#elementor-action%3Aaction%3Dlightbox%26settings%3DeyJpZCI6MzQxMywidXJsIjoiaHR0cHM6XC9cL21hZGFtZWRlZGFsYXQudm5cL3dwLWNvbnRlbnRcL3VwbG9hZHNcLzIwMjRcLzEwXC9oaW5oLXRodWMtdGUtbWFkYW1lLXNob3ctOS5qcGciLCJzbGlkZXNob3ciOiJjNTNhYTgyIn0%3D\">\n\t\t\t\t\t<div class=\"e-gallery-image elementor-gallery-item__image\" data-thumbnail=\"https:\/\/madamededalat.vn\/wp-content\/uploads\/2024\/10\/hinh-thuc-te-madame-show-9.jpg\" data-width=\"1514\" data-height=\"2048\" aria-label=\"\" role=\"img\" ><\/div>\n\t\t\t\t\t\t\t\t\t\t\t<div class=\"elementor-gallery-item__overlay\"><\/div>\n\t\t\t\t\t\t\t\t\t\t\t\t\t\t<\/a>\n\t\t\t\t\t\t\t<a class=\"e-gallery-item elementor-gallery-item elementor-animated-content\" href=\"https:\/\/madamededalat.vn\/wp-content\/uploads\/2024\/10\/hinh-thuc-te-madame-show-5.jpg\" data-elementor-open-lightbox=\"yes\" data-elementor-lightbox-slideshow=\"c53aa82\" data-elementor-lightbox-title=\"hinh-thuc-te-madame-show-5\" data-e-action-hash=\"#elementor-action%3Aaction%3Dlightbox%26settings%3DeyJpZCI6MzQxNCwidXJsIjoiaHR0cHM6XC9cL21hZGFtZWRlZGFsYXQudm5cL3dwLWNvbnRlbnRcL3VwbG9hZHNcLzIwMjRcLzEwXC9oaW5oLXRodWMtdGUtbWFkYW1lLXNob3ctNS5qcGciLCJzbGlkZXNob3ciOiJjNTNhYTgyIn0%3D\">\n\t\t\t\t\t<div class=\"e-gallery-image elementor-gallery-item__image\" data-thumbnail=\"https:\/\/madamededalat.vn\/wp-content\/uploads\/2024\/10\/hinh-thuc-te-madame-show-5.jpg\" data-width=\"2048\" data-height=\"1366\" aria-label=\"\" role=\"img\" ><\/div>\n\t\t\t\t\t\t\t\t\t\t\t<div class=\"elementor-gallery-item__overlay\"><\/div>\n\t\t\t\t\t\t\t\t\t\t\t\t\t\t<\/a>\n\t\t\t\t\t\t\t<a class=\"e-gallery-item elementor-gallery-item elementor-animated-content\" href=\"https:\/\/madamededalat.vn\/wp-content\/uploads\/2024\/10\/hinh-thuc-te-madame-show-7.jpg\" data-elementor-open-lightbox=\"yes\" data-elementor-lightbox-slideshow=\"c53aa82\" data-elementor-lightbox-title=\"hinh-thuc-te-madame-show-7\" data-e-action-hash=\"#elementor-action%3Aaction%3Dlightbox%26settings%3DeyJpZCI6MzQwOCwidXJsIjoiaHR0cHM6XC9cL21hZGFtZWRlZGFsYXQudm5cL3dwLWNvbnRlbnRcL3VwbG9hZHNcLzIwMjRcLzEwXC9oaW5oLXRodWMtdGUtbWFkYW1lLXNob3ctNy5qcGciLCJzbGlkZXNob3ciOiJjNTNhYTgyIn0%3D\">\n\t\t\t\t\t<div class=\"e-gallery-image elementor-gallery-item__image\" data-thumbnail=\"https:\/\/madamededalat.vn\/wp-content\/uploads\/2024\/10\/hinh-thuc-te-madame-show-7.jpg\" data-width=\"2048\" data-height=\"1366\" aria-label=\"\" role=\"img\" ><\/div>\n\t\t\t\t\t\t\t\t\t\t\t<div class=\"elementor-gallery-item__overlay\"><\/div>\n\t\t\t\t\t\t\t\t\t\t\t\t\t\t<\/a>\n\t\t\t\t\t<\/div>\n\t\t\t\t\t<\/div>\n\t\t\t\t<\/div>\n\t\t\t\t\t<\/div>\n\t\t\t\t<\/div>\n\t\t<div class=\"elementor-element elementor-element-7474ade e-flex e-con-boxed e-con e-parent\" data-id=\"7474ade\" data-element_type=\"container\" data-e-type=\"container\">\n\t\t\t\t\t<div class=\"e-con-inner\">\n\t\t\t\t<div class=\"elementor-element elementor-element-f767937 elementor-widget elementor-widget-text-editor\" data-id=\"f767937\" data-element_type=\"widget\" data-e-type=\"widget\" data-widget_type=\"text-editor.default\">\n\t\t\t\t<div class=\"elementor-widget-container\">\n\t\t\t\t\t\t\t\t\t<p><strong>Madame Show does not sell standalone commercial tickets.\u00a0<\/strong><\/p><p>The immersive theater \"The Flight Paths\" is an experience included in the admission packages for Madame De Dalat. The show takes place at <strong>at 6:30 PM every Saturday. <\/strong>at Madame de Dalat.<\/p>\t\t\t\t\t\t\t\t<\/div>\n\t\t\t\t<\/div>\n\t\t\t\t<div class=\"elementor-element elementor-element-6aecdfc elementor-align-center elementor-widget elementor-widget-cs_button\" data-id=\"6aecdfc\" data-element_type=\"widget\" data-e-type=\"widget\" data-widget_type=\"cs_button.default\">\n\t\t\t\t<div class=\"elementor-widget-container\">\n\t\t\t\t\t        <a href=\"https:\/\/madamededalat.vn\/en\/ticket-information\/\" class=\"elementor-button-link button cs-btn-color-secondary\" role=\"button\">\n            <span class=\"cs-btn-text\">View the ticket packages for Madame Show<\/span>        <\/a>\t\t\t\t<\/div>\n\t\t\t\t<\/div>\n\t\t\t\t\t<\/div>\n\t\t\t\t<\/div>\n\t\t\t\t<\/div>","protected":false},"excerpt":{"rendered":"<p>Madame Show V\u1edbi s\u00e2n kh\u1ea5u \u0111\u1ed9c \u0111\u00e1o tr\u00ean n\u1ec1n h\u1ed3 n\u01b0\u1edbc n\u00f3ng \u0111\u1ea7y b\u00ed \u1ea9n c\u1ee7a khu bi\u1ec7t th\u1ef1 B\u1ea1ch Ng\u1ecdc c\u1ed5 k\u00ednh, Madame Show l\u00e0 kh\u00f4ng gian m\u00e0 nh\u1eefng gi\u00e1 tr\u1ecb tr\u0103m n\u0103m c\u1ee7a \u0110\u00e0 L\u1ea1t s\u1ebd \u0111\u01b0\u1ee3c tri \u00e2n v\u00e0 nh\u1eafc nh\u1edb. V\u00e0 Nh\u1eefng \u0110\u01b0\u1eddng Chim Bay &#8211; v\u1edf k\u1ecbch th\u1ef1c c\u1ea3nh kh\u00e1c &#8230;<\/p>","protected":false},"author":2,"featured_media":0,"parent":3014,"menu_order":0,"comment_status":"closed","ping_status":"closed","template":"elementor_header_footer","meta":{"cozystay_single_page_hide_site_header":"","cozystay_single_page_site_header_source":"","cozystay_single_page_custom_site_header":"0","cozystay_single_page_custom_sticky_site_header":"0","cozystay_single_page_hide_page_title":"","cozystay_single_page_header_section_size":"","cozystay_single_page_header_background_color":"","cozystay_single_page_header_background_position_x":"center","cozystay_single_page_header_background_position_y":"center","cozystay_single_page_header_background_size":"cover","cozystay_single_page_header_background_repeat":"off","cozystay_single_page_header_background_scroll":"on","cozystay_single_page_header_text_color":"","cozystay_single_page_header_show_breadcrumb":"","cozystay_single_page_site_footer_hide_main":"","cozystay_single_custom_site_footer_main_source":"","cozystay_single_custom_site_footer_main":"0","cozystay_single_page_site_footer_hide_above":"","cozystay_single_custom_site_footer_above_source":"","cozystay_single_custom_site_footer_above":"0","cozystay_single_page_site_footer_hide_instagram":"","cozystay_single_page_site_footer_hide_bottom":"","cozystay_single_custom_mobile_menu_source":"","cozystay_single_custom_mobile_menu":"0","cozystay_single_custom_mobile_menu_animation":"","cozystay_single_custom_mobile_menu_width":"","cozystay_single_custom_mobile_menu_custom_width":375,"footnotes":""},"class_list":["post-3392","page","type-page","status-publish","hentry"],"_links":{"self":[{"href":"https:\/\/madamededalat.vn\/en\/wp-json\/wp\/v2\/pages\/3392","targetHints":{"allow":["GET"]}}],"collection":[{"href":"https:\/\/madamededalat.vn\/en\/wp-json\/wp\/v2\/pages"}],"about":[{"href":"https:\/\/madamededalat.vn\/en\/wp-json\/wp\/v2\/types\/page"}],"author":[{"embeddable":true,"href":"https:\/\/madamededalat.vn\/en\/wp-json\/wp\/v2\/users\/2"}],"replies":[{"embeddable":true,"href":"https:\/\/madamededalat.vn\/en\/wp-json\/wp\/v2\/comments?post=3392"}],"version-history":[{"count":37,"href":"https:\/\/madamededalat.vn\/en\/wp-json\/wp\/v2\/pages\/3392\/revisions"}],"predecessor-version":[{"id":3571,"href":"https:\/\/madamededalat.vn\/en\/wp-json\/wp\/v2\/pages\/3392\/revisions\/3571"}],"up":[{"embeddable":true,"href":"https:\/\/madamededalat.vn\/en\/wp-json\/wp\/v2\/pages\/3014"}],"wp:attachment":[{"href":"https:\/\/madamededalat.vn\/en\/wp-json\/wp\/v2\/media?parent=3392"}],"curies":[{"name":"wp","href":"https:\/\/api.w.org\/{rel}","templated":true}]}}