{"id":3358,"date":"2024-10-06T21:45:46","date_gmt":"2024-10-06T14:45:46","guid":{"rendered":"https:\/\/madamededalat.vn\/?page_id=3358"},"modified":"2025-02-17T22:20:51","modified_gmt":"2025-02-17T15:20:51","slug":"nguyen-dynasty-woodblocks","status":"publish","type":"page","link":"https:\/\/madamededalat.vn\/en\/gioi-thieu\/moc-ban-trieu-nguyen","title":{"rendered":"Woodblocks of Nguyen Dynasty"},"content":{"rendered":"<div data-elementor-type=\"wp-page\" data-elementor-id=\"3358\" class=\"elementor elementor-3358\" data-elementor-post-type=\"page\">\n\t\t\t\t<div class=\"elementor-element elementor-element-a71fdc8 e-flex e-con-boxed e-con e-parent\" data-id=\"a71fdc8\" data-element_type=\"container\" data-e-type=\"container\">\n\t\t\t\t\t<div class=\"e-con-inner\">\n\t\t\t\t<div class=\"elementor-element elementor-element-21b38c2 elementor-widget elementor-widget-heading\" data-id=\"21b38c2\" data-element_type=\"widget\" data-e-type=\"widget\" data-widget_type=\"heading.default\">\n\t\t\t\t<div class=\"elementor-widget-container\">\n\t\t\t\t\t<h1 class=\"elementor-heading-title elementor-size-default\">Woodblocks of Nguyen Dynasty<\/h1>\t\t\t\t<\/div>\n\t\t\t\t<\/div>\n\t\t\t\t\t<\/div>\n\t\t\t\t<\/div>\n\t\t<div class=\"elementor-element elementor-element-69687b5 e-flex e-con-boxed e-con e-parent\" data-id=\"69687b5\" data-element_type=\"container\" data-e-type=\"container\">\n\t\t\t\t\t<div class=\"e-con-inner\">\n\t\t\t\t<div class=\"elementor-element elementor-element-dd82144 elementor-widget elementor-widget-text-editor\" data-id=\"dd82144\" data-element_type=\"widget\" data-e-type=\"widget\" data-widget_type=\"text-editor.default\">\n\t\t\t\t<div class=\"elementor-widget-container\">\n\t\t\t\t\t\t\t\t\t<p>With its exceptional value in content and craftsmanship, the Woodblocks of Nguyen Dynasty were recognized by UNESCO as Vietnam's first World Documentary Heritage on July 31, 2009.<\/p><p>Currently, the Woodblocks of Nguyen Dynasty collection is stored within the grounds of Madame De Dalat, comprising up to 34,619 pieces covering various themes, including history, geography, culture and education, as well as ideology, religion, philosophy, politics, and military affairs. Considered a symbol of a dynasty, these tens of thousands of woodblocks quietly whisper stories of the past, preserving and passing down century-old heritage values.<\/p><p>Visitors here will be able to experience the woodblock-making process, brought to life in a dynamic, multi-dimensional format through sand painting using a 3D Hologram Box.<\/p>\t\t\t\t\t\t\t\t<\/div>\n\t\t\t\t<\/div>\n\t\t\t\t\t<\/div>\n\t\t\t\t<\/div>\n\t\t<div class=\"elementor-element elementor-element-17de578 e-flex e-con-boxed e-con e-parent\" data-id=\"17de578\" data-element_type=\"container\" data-e-type=\"container\">\n\t\t\t\t\t<div class=\"e-con-inner\">\n\t\t\t\t<div class=\"elementor-element elementor-element-9fa13ac elementor-widget elementor-widget-gallery\" data-id=\"9fa13ac\" data-element_type=\"widget\" data-e-type=\"widget\" data-settings=\"{&quot;gallery_layout&quot;:&quot;justified&quot;,&quot;ideal_row_height&quot;:{&quot;unit&quot;:&quot;px&quot;,&quot;size&quot;:400,&quot;sizes&quot;:[]},&quot;ideal_row_height_tablet&quot;:{&quot;unit&quot;:&quot;px&quot;,&quot;size&quot;:250,&quot;sizes&quot;:[]},&quot;ideal_row_height_mobile&quot;:{&quot;unit&quot;:&quot;px&quot;,&quot;size&quot;:500,&quot;sizes&quot;:[]},&quot;gap&quot;:{&quot;unit&quot;:&quot;px&quot;,&quot;size&quot;:16,&quot;sizes&quot;:[]},&quot;lazyload&quot;:&quot;yes&quot;,&quot;gap_tablet&quot;:{&quot;unit&quot;:&quot;px&quot;,&quot;size&quot;:10,&quot;sizes&quot;:[]},&quot;gap_mobile&quot;:{&quot;unit&quot;:&quot;px&quot;,&quot;size&quot;:10,&quot;sizes&quot;:[]},&quot;link_to&quot;:&quot;file&quot;,&quot;overlay_background&quot;:&quot;yes&quot;,&quot;content_hover_animation&quot;:&quot;fade-in&quot;}\" data-widget_type=\"gallery.default\">\n\t\t\t\t<div class=\"elementor-widget-container\">\n\t\t\t\t\t\t\t<div class=\"elementor-gallery__container\">\n\t\t\t\t\t\t\t<a class=\"e-gallery-item elementor-gallery-item elementor-animated-content\" href=\"https:\/\/madamededalat.vn\/wp-content\/uploads\/2025\/02\/homepage_moc_ban_1.jpg\" data-elementor-open-lightbox=\"yes\" data-elementor-lightbox-slideshow=\"9fa13ac\" data-elementor-lightbox-title=\"homepage_moc_ban_1\" data-e-action-hash=\"#elementor-action%3Aaction%3Dlightbox%26settings%3DeyJpZCI6NDEwMiwidXJsIjoiaHR0cHM6XC9cL21hZGFtZWRlZGFsYXQudm5cL3dwLWNvbnRlbnRcL3VwbG9hZHNcLzIwMjVcLzAyXC9ob21lcGFnZV9tb2NfYmFuXzEuanBnIiwic2xpZGVzaG93IjoiOWZhMTNhYyJ9\">\n\t\t\t\t\t<div class=\"e-gallery-image elementor-gallery-item__image\" data-thumbnail=\"https:\/\/madamededalat.vn\/wp-content\/uploads\/2025\/02\/homepage_moc_ban_1.jpg\" data-width=\"640\" data-height=\"380\" aria-label=\"\" role=\"img\" ><\/div>\n\t\t\t\t\t\t\t\t\t\t\t<div class=\"elementor-gallery-item__overlay\"><\/div>\n\t\t\t\t\t\t\t\t\t\t\t\t\t\t<\/a>\n\t\t\t\t\t\t\t<a class=\"e-gallery-item elementor-gallery-item elementor-animated-content\" href=\"https:\/\/madamededalat.vn\/wp-content\/uploads\/2025\/02\/gioi-thieu-kho-moc-ban-trang-chu.jpg\" data-elementor-open-lightbox=\"yes\" data-elementor-lightbox-slideshow=\"9fa13ac\" data-elementor-lightbox-title=\"gioi-thieu-kho-moc-ban-trang-chu\" data-e-action-hash=\"#elementor-action%3Aaction%3Dlightbox%26settings%3DeyJpZCI6NDEwMSwidXJsIjoiaHR0cHM6XC9cL21hZGFtZWRlZGFsYXQudm5cL3dwLWNvbnRlbnRcL3VwbG9hZHNcLzIwMjVcLzAyXC9naW9pLXRoaWV1LWtoby1tb2MtYmFuLXRyYW5nLWNodS5qcGciLCJzbGlkZXNob3ciOiI5ZmExM2FjIn0%3D\">\n\t\t\t\t\t<div class=\"e-gallery-image elementor-gallery-item__image\" data-thumbnail=\"https:\/\/madamededalat.vn\/wp-content\/uploads\/2025\/02\/gioi-thieu-kho-moc-ban-trang-chu.jpg\" data-width=\"800\" data-height=\"475\" aria-label=\"\" role=\"img\" ><\/div>\n\t\t\t\t\t\t\t\t\t\t\t<div class=\"elementor-gallery-item__overlay\"><\/div>\n\t\t\t\t\t\t\t\t\t\t\t\t\t\t<\/a>\n\t\t\t\t\t\t\t<a class=\"e-gallery-item elementor-gallery-item elementor-animated-content\" href=\"https:\/\/madamededalat.vn\/wp-content\/uploads\/2025\/02\/3.-bia-Dai-Viet-su-ky-toan-thu-1-768x523-1.jpg\" data-elementor-open-lightbox=\"yes\" data-elementor-lightbox-slideshow=\"9fa13ac\" data-elementor-lightbox-title=\"3.-bia-Dai-Viet-su-ky-toan-thu-1-768x523\" data-e-action-hash=\"#elementor-action%3Aaction%3Dlightbox%26settings%3DeyJpZCI6NDEwMCwidXJsIjoiaHR0cHM6XC9cL21hZGFtZWRlZGFsYXQudm5cL3dwLWNvbnRlbnRcL3VwbG9hZHNcLzIwMjVcLzAyXC8zLi1iaWEtRGFpLVZpZXQtc3Uta3ktdG9hbi10aHUtMS03Njh4NTIzLTEuanBnIiwic2xpZGVzaG93IjoiOWZhMTNhYyJ9\">\n\t\t\t\t\t<div class=\"e-gallery-image elementor-gallery-item__image\" data-thumbnail=\"https:\/\/madamededalat.vn\/wp-content\/uploads\/2025\/02\/3.-bia-Dai-Viet-su-ky-toan-thu-1-768x523-1.jpg\" data-width=\"768\" data-height=\"523\" aria-label=\"\" role=\"img\" ><\/div>\n\t\t\t\t\t\t\t\t\t\t\t<div class=\"elementor-gallery-item__overlay\"><\/div>\n\t\t\t\t\t\t\t\t\t\t\t\t\t\t<\/a>\n\t\t\t\t\t\t\t<a class=\"e-gallery-item elementor-gallery-item elementor-animated-content\" href=\"https:\/\/madamededalat.vn\/wp-content\/uploads\/2025\/02\/3-Ly-Thuong-Kiet.jpg\" data-elementor-open-lightbox=\"yes\" data-elementor-lightbox-slideshow=\"9fa13ac\" data-elementor-lightbox-title=\"3-Ly-Thuong-Kiet\" data-e-action-hash=\"#elementor-action%3Aaction%3Dlightbox%26settings%3DeyJpZCI6NDA5NywidXJsIjoiaHR0cHM6XC9cL21hZGFtZWRlZGFsYXQudm5cL3dwLWNvbnRlbnRcL3VwbG9hZHNcLzIwMjVcLzAyXC8zLUx5LVRodW9uZy1LaWV0LmpwZyIsInNsaWRlc2hvdyI6IjlmYTEzYWMifQ%3D%3D\">\n\t\t\t\t\t<div class=\"e-gallery-image elementor-gallery-item__image\" data-thumbnail=\"https:\/\/madamededalat.vn\/wp-content\/uploads\/2025\/02\/3-Ly-Thuong-Kiet.jpg\" data-width=\"900\" data-height=\"600\" aria-label=\"\" role=\"img\" ><\/div>\n\t\t\t\t\t\t\t\t\t\t\t<div class=\"elementor-gallery-item__overlay\"><\/div>\n\t\t\t\t\t\t\t\t\t\t\t\t\t\t<\/a>\n\t\t\t\t\t\t\t<a class=\"e-gallery-item elementor-gallery-item elementor-animated-content\" href=\"https:\/\/madamededalat.vn\/wp-content\/uploads\/2025\/02\/2-Chieu-doi-do.jpg\" data-elementor-open-lightbox=\"yes\" data-elementor-lightbox-slideshow=\"9fa13ac\" data-elementor-lightbox-title=\"2-Chieu-doi-do\" data-e-action-hash=\"#elementor-action%3Aaction%3Dlightbox%26settings%3DeyJpZCI6NDA5OCwidXJsIjoiaHR0cHM6XC9cL21hZGFtZWRlZGFsYXQudm5cL3dwLWNvbnRlbnRcL3VwbG9hZHNcLzIwMjVcLzAyXC8yLUNoaWV1LWRvaS1kby5qcGciLCJzbGlkZXNob3ciOiI5ZmExM2FjIn0%3D\">\n\t\t\t\t\t<div class=\"e-gallery-image elementor-gallery-item__image\" data-thumbnail=\"https:\/\/madamededalat.vn\/wp-content\/uploads\/2025\/02\/2-Chieu-doi-do.jpg\" data-width=\"900\" data-height=\"600\" aria-label=\"\" role=\"img\" ><\/div>\n\t\t\t\t\t\t\t\t\t\t\t<div class=\"elementor-gallery-item__overlay\"><\/div>\n\t\t\t\t\t\t\t\t\t\t\t\t\t\t<\/a>\n\t\t\t\t\t\t\t<a class=\"e-gallery-item elementor-gallery-item elementor-animated-content\" href=\"https:\/\/madamededalat.vn\/wp-content\/uploads\/2025\/02\/DVSK-768x543-1.png\" data-elementor-open-lightbox=\"yes\" data-elementor-lightbox-slideshow=\"9fa13ac\" data-elementor-lightbox-title=\"DVSK-768x543\" data-e-action-hash=\"#elementor-action%3Aaction%3Dlightbox%26settings%3DeyJpZCI6NDA5OSwidXJsIjoiaHR0cHM6XC9cL21hZGFtZWRlZGFsYXQudm5cL3dwLWNvbnRlbnRcL3VwbG9hZHNcLzIwMjVcLzAyXC9EVlNLLTc2OHg1NDMtMS5wbmciLCJzbGlkZXNob3ciOiI5ZmExM2FjIn0%3D\">\n\t\t\t\t\t<div class=\"e-gallery-image elementor-gallery-item__image\" data-thumbnail=\"https:\/\/madamededalat.vn\/wp-content\/uploads\/2025\/02\/DVSK-768x543-1.png\" data-width=\"768\" data-height=\"543\" aria-label=\"\" role=\"img\" ><\/div>\n\t\t\t\t\t\t\t\t\t\t\t<div class=\"elementor-gallery-item__overlay\"><\/div>\n\t\t\t\t\t\t\t\t\t\t\t\t\t\t<\/a>\n\t\t\t\t\t\t\t<a class=\"e-gallery-item elementor-gallery-item elementor-animated-content\" href=\"https:\/\/madamededalat.vn\/wp-content\/uploads\/2025\/02\/dscf1428-16953844165771622697415.jpg\" data-elementor-open-lightbox=\"yes\" data-elementor-lightbox-slideshow=\"9fa13ac\" data-elementor-lightbox-title=\"dscf1428-16953844165771622697415\" data-e-action-hash=\"#elementor-action%3Aaction%3Dlightbox%26settings%3DeyJpZCI6NDA5MywidXJsIjoiaHR0cHM6XC9cL21hZGFtZWRlZGFsYXQudm5cL3dwLWNvbnRlbnRcL3VwbG9hZHNcLzIwMjVcLzAyXC9kc2NmMTQyOC0xNjk1Mzg0NDE2NTc3MTYyMjY5NzQxNS5qcGciLCJzbGlkZXNob3ciOiI5ZmExM2FjIn0%3D\">\n\t\t\t\t\t<div class=\"e-gallery-image elementor-gallery-item__image\" data-thumbnail=\"https:\/\/madamededalat.vn\/wp-content\/uploads\/2025\/02\/dscf1428-16953844165771622697415.jpg\" data-width=\"1200\" data-height=\"801\" aria-label=\"\" role=\"img\" ><\/div>\n\t\t\t\t\t\t\t\t\t\t\t<div class=\"elementor-gallery-item__overlay\"><\/div>\n\t\t\t\t\t\t\t\t\t\t\t\t\t\t<\/a>\n\t\t\t\t\t\t\t<a class=\"e-gallery-item elementor-gallery-item elementor-animated-content\" href=\"https:\/\/madamededalat.vn\/wp-content\/uploads\/2025\/02\/P1230621.jpg\" data-elementor-open-lightbox=\"yes\" data-elementor-lightbox-slideshow=\"9fa13ac\" data-elementor-lightbox-title=\"P1230621\" data-e-action-hash=\"#elementor-action%3Aaction%3Dlightbox%26settings%3DeyJpZCI6NDA5NCwidXJsIjoiaHR0cHM6XC9cL21hZGFtZWRlZGFsYXQudm5cL3dwLWNvbnRlbnRcL3VwbG9hZHNcLzIwMjVcLzAyXC9QMTIzMDYyMS5qcGciLCJzbGlkZXNob3ciOiI5ZmExM2FjIn0%3D\">\n\t\t\t\t\t<div class=\"e-gallery-image elementor-gallery-item__image\" data-thumbnail=\"https:\/\/madamededalat.vn\/wp-content\/uploads\/2025\/02\/P1230621.jpg\" data-width=\"1536\" data-height=\"1152\" aria-label=\"\" role=\"img\" ><\/div>\n\t\t\t\t\t\t\t\t\t\t\t<div class=\"elementor-gallery-item__overlay\"><\/div>\n\t\t\t\t\t\t\t\t\t\t\t\t\t\t<\/a>\n\t\t\t\t\t<\/div>\n\t\t\t\t\t<\/div>\n\t\t\t\t<\/div>\n\t\t\t\t\t<\/div>\n\t\t\t\t<\/div>\n\t\t<div class=\"elementor-element elementor-element-211d043 e-flex e-con-boxed e-con e-parent\" data-id=\"211d043\" data-element_type=\"container\" data-e-type=\"container\">\n\t\t\t\t\t<div class=\"e-con-inner\">\n\t\t\t\t<div class=\"elementor-element elementor-element-5a2b867 elementor-align-center elementor-widget elementor-widget-cs_button\" data-id=\"5a2b867\" data-element_type=\"widget\" data-e-type=\"widget\" data-widget_type=\"cs_button.default\">\n\t\t\t\t<div class=\"elementor-widget-container\">\n\t\t\t\t\t        <a href=\"https:\/\/madamededalat.vn\/en\/ticket-information\/\" class=\"elementor-button-link button cs-btn-color-secondary\" role=\"button\">\n            <span class=\"cs-btn-text\">View the ticket package for the Woodblocks of Nguyen Dynasty<\/span>        <\/a>\t\t\t\t<\/div>\n\t\t\t\t<\/div>\n\t\t\t\t\t<\/div>\n\t\t\t\t<\/div>\n\t\t\t\t<\/div>","protected":false},"excerpt":{"rendered":"<p>M\u1ed9c b\u1ea3n tri\u1ec1u Nguy\u1ec5n V\u1edbi gi\u00e1 tr\u1ecb \u0111\u1eb7c bi\u1ec7t v\u1ec1 n\u1ed9i dung v\u00e0 ngh\u1ec7 thu\u1eadt ch\u1ebf t\u00e1c, M\u1ed9c b\u1ea3n tri\u1ec1u Nguy\u1ec5n \u0111\u01b0\u1ee3c UNESCO c\u00f4ng nh\u1eadn l\u00e0 Di s\u1ea3n T\u01b0 li\u1ec7u th\u1ebf gi\u1edbi \u0111\u1ea7u ti\u00ean c\u1ee7a Vi\u1ec7t Nam v\u00e0o ng\u00e0y 31 th\u00e1ng 7 n\u0103m 2009. Hi\u1ec7n kho M\u1ed9c b\u1ea3n Tri\u1ec1u Nguy\u1ec5n \u0111ang \u0111\u01b0\u1ee3c l\u01b0u tr\u1eef trong &#8230;<\/p>","protected":false},"author":2,"featured_media":0,"parent":3014,"menu_order":0,"comment_status":"closed","ping_status":"closed","template":"elementor_header_footer","meta":{"cozystay_single_page_hide_site_header":"","cozystay_single_page_site_header_source":"","cozystay_single_page_custom_site_header":"0","cozystay_single_page_custom_sticky_site_header":"0","cozystay_single_page_hide_page_title":"","cozystay_single_page_header_section_size":"","cozystay_single_page_header_background_color":"","cozystay_single_page_header_background_position_x":"center","cozystay_single_page_header_background_position_y":"center","cozystay_single_page_header_background_size":"cover","cozystay_single_page_header_background_repeat":"off","cozystay_single_page_header_background_scroll":"on","cozystay_single_page_header_text_color":"","cozystay_single_page_header_show_breadcrumb":"","cozystay_single_page_site_footer_hide_main":"","cozystay_single_custom_site_footer_main_source":"","cozystay_single_custom_site_footer_main":"0","cozystay_single_page_site_footer_hide_above":"","cozystay_single_custom_site_footer_above_source":"","cozystay_single_custom_site_footer_above":"0","cozystay_single_page_site_footer_hide_instagram":"","cozystay_single_page_site_footer_hide_bottom":"","cozystay_single_custom_mobile_menu_source":"","cozystay_single_custom_mobile_menu":"0","cozystay_single_custom_mobile_menu_animation":"","cozystay_single_custom_mobile_menu_width":"","cozystay_single_custom_mobile_menu_custom_width":375,"footnotes":""},"class_list":["post-3358","page","type-page","status-publish","hentry"],"_links":{"self":[{"href":"https:\/\/madamededalat.vn\/en\/wp-json\/wp\/v2\/pages\/3358","targetHints":{"allow":["GET"]}}],"collection":[{"href":"https:\/\/madamededalat.vn\/en\/wp-json\/wp\/v2\/pages"}],"about":[{"href":"https:\/\/madamededalat.vn\/en\/wp-json\/wp\/v2\/types\/page"}],"author":[{"embeddable":true,"href":"https:\/\/madamededalat.vn\/en\/wp-json\/wp\/v2\/users\/2"}],"replies":[{"embeddable":true,"href":"https:\/\/madamededalat.vn\/en\/wp-json\/wp\/v2\/comments?post=3358"}],"version-history":[{"count":34,"href":"https:\/\/madamededalat.vn\/en\/wp-json\/wp\/v2\/pages\/3358\/revisions"}],"predecessor-version":[{"id":4105,"href":"https:\/\/madamededalat.vn\/en\/wp-json\/wp\/v2\/pages\/3358\/revisions\/4105"}],"up":[{"embeddable":true,"href":"https:\/\/madamededalat.vn\/en\/wp-json\/wp\/v2\/pages\/3014"}],"wp:attachment":[{"href":"https:\/\/madamededalat.vn\/en\/wp-json\/wp\/v2\/media?parent=3358"}],"curies":[{"name":"wp","href":"https:\/\/api.w.org\/{rel}","templated":true}]}}