{"id":2956,"date":"2024-10-03T07:29:29","date_gmt":"2024-10-03T00:29:29","guid":{"rendered":"https:\/\/madamededalat.vn\/?page_id=2956"},"modified":"2025-08-25T16:48:56","modified_gmt":"2025-08-25T09:48:56","slug":"contact","status":"publish","type":"page","link":"https:\/\/madamededalat.vn\/en\/contact","title":{"rendered":"Contact"},"content":{"rendered":"<div data-elementor-type=\"wp-page\" data-elementor-id=\"2956\" class=\"elementor elementor-2956\" data-elementor-post-type=\"page\">\n\t\t\t\t<div class=\"elementor-element elementor-element-754f565 cs-section-content-fullwidth cs-parallax-on-scroll cs_scroll_y_80 e-flex e-con-boxed e-con e-parent\" data-id=\"754f565\" data-element_type=\"container\" data-e-type=\"container\" data-cs-parallax-y=\"80\">\n\t\t\t\t\t<div class=\"e-con-inner\">\n\t\t\t\t<div class=\"elementor-element elementor-element-511007c elementor-widget__width-inherit elementor-widget elementor-widget-cs_title\" data-id=\"511007c\" data-element_type=\"widget\" data-e-type=\"widget\" data-widget_type=\"cs_title.default\">\n\t\t\t\t<div class=\"elementor-widget-container\">\n\t\t\t\t\t\n        <div class=\"cs-title-wrap text-center\">\t            <h2 class=\"cs-title\">\n\t                Contact\t            <\/h2>\t            <div class=\"cs-title-text\">\n\t                <p>For ticket reservations and other inquiries, please contact us.<\/p>\t            <\/div>        <\/div>\t\t\t\t<\/div>\n\t\t\t\t<\/div>\n\t\t\t\t\t<\/div>\n\t\t\t\t<\/div>\n\t\t<div class=\"elementor-element elementor-element-c22ca43 cs-section-content-fullwidth e-flex e-con-boxed elementor-invisible e-con e-parent\" data-id=\"c22ca43\" data-element_type=\"container\" data-e-type=\"container\" data-settings=\"{&quot;background_background&quot;:&quot;classic&quot;,&quot;animation&quot;:&quot;fadeInUp&quot;,&quot;animation_delay&quot;:200}\">\n\t\t\t\t\t<div class=\"e-con-inner\">\n\t\t<div class=\"elementor-element elementor-element-b4c36a0 e-con-full e-flex e-con e-child\" data-id=\"b4c36a0\" data-element_type=\"container\" data-e-type=\"container\">\n\t\t\t\t<div class=\"elementor-element elementor-element-25a300a elementor-widget elementor-widget-html\" data-id=\"25a300a\" data-element_type=\"widget\" data-e-type=\"widget\" data-widget_type=\"html.default\">\n\t\t\t\t<div class=\"elementor-widget-container\">\n\t\t\t\t\t<iframe src=\"https:\/\/www.google.com\/maps\/embed?pb=!1m18!1m12!1m3!1d1240.4833495243429!2d108.42520600957482!3d11.946015653869207!2m3!1f0!2f0!3f0!3m2!1i1024!2i768!4f13.1!3m3!1m2!1s0x31716d00ac368bf3%3A0x52d628a0ab50fc71!2sMadame%20De%20Dalat!5e0!3m2!1sen!2s!4v1727915561694!5m2!1sen!2s\" width=\"600\" height=\"450\" style=\"border:0;\" allowfullscreen=\"\" loading=\"lazy\" referrerpolicy=\"no-referrer-when-downgrade\"><\/iframe>\t\t\t\t<\/div>\n\t\t\t\t<\/div>\n\t\t\t\t<\/div>\n\t\t<div class=\"elementor-element elementor-element-965d160 e-con-full e-flex e-con e-child\" data-id=\"965d160\" data-element_type=\"container\" data-e-type=\"container\" data-settings=\"{&quot;background_background&quot;:&quot;classic&quot;}\">\n\t\t\t\t<div class=\"elementor-element elementor-element-cb8230f elementor-widget elementor-widget-cs_title\" data-id=\"cb8230f\" data-element_type=\"widget\" data-e-type=\"widget\" data-widget_type=\"cs_title.default\">\n\t\t\t\t<div class=\"elementor-widget-container\">\n\t\t\t\t\t\n        <div class=\"cs-title-wrap text-center\">\t            <h4 class=\"cs-title\">\n\t                Customer service\t            <\/h4>\t            <div class=\"cs-title-text\">\n\t                <p>Email: <a href=\"mailto:info@madamededalat.vn\">info@madamededalat.vn<\/a><br \/>Phone: <a href=\"tel:+84968949295\">0968 94 92 95<\/a><\/p>\t            <\/div>        <\/div>\t\t\t\t<\/div>\n\t\t\t\t<\/div>\n\t\t\t\t<div class=\"elementor-element elementor-element-f39f8d5 elementor-widget elementor-widget-cs_title\" data-id=\"f39f8d5\" data-element_type=\"widget\" data-e-type=\"widget\" data-widget_type=\"cs_title.default\">\n\t\t\t\t<div class=\"elementor-widget-container\">\n\t\t\t\t\t\n        <div class=\"cs-title-wrap text-center\">\t            <h6 class=\"cs-title\">\n\t                Partnership\t            <\/h6>\t            <div class=\"cs-title-text\">\n\t                <p>Email: <a href=\"mailto:sale01@madamededalat.vn\">sale01@madamededalat.vn<\/a><br \/>Phone: <a href=\"tel:+84968949295\">0968 94 92 95<\/a><\/p>\t            <\/div>        <\/div>\t\t\t\t<\/div>\n\t\t\t\t<\/div>\n\t\t\t\t<\/div>\n\t\t\t\t\t<\/div>\n\t\t\t\t<\/div>\n\t\t\t\t<\/div>","protected":false},"excerpt":{"rendered":"<p>Li\u00ean h\u1ec7 \u0110\u1ec3 li\u00ean h\u1ec7 \u0111\u1eb7t v\u00e9 v\u00e0 c\u00e1c v\u1ea5n \u0111\u1ec1 kh\u00e1c, vui l\u00f2ng li\u00ean h\u1ec7 v\u1edbi ch\u00fang t\u00f4i. Ch\u0103m s\u00f3c kh\u00e1ch h\u00e0ng Email: info@madamededalat.vn\u0110i\u1ec7n tho\u1ea1i: 0968 94 92 95 Li\u00ean h\u1ec7 \u0111\u1ed1i t\u00e1c Email: sale01@madamededalat.vn\u0110i\u1ec7n tho\u1ea1i: 0968 94 92 95<\/p>","protected":false},"author":2,"featured_media":0,"parent":0,"menu_order":0,"comment_status":"closed","ping_status":"closed","template":"template-wide-content.php","meta":{"cozystay_single_page_hide_site_header":"","cozystay_single_page_site_header_source":"","cozystay_single_page_custom_site_header":"0","cozystay_single_page_custom_sticky_site_header":"0","cozystay_single_page_hide_page_title":"on","cozystay_single_page_header_section_size":"","cozystay_single_page_header_background_color":"","cozystay_single_page_header_background_position_x":"center","cozystay_single_page_header_background_position_y":"center","cozystay_single_page_header_background_size":"cover","cozystay_single_page_header_background_repeat":"off","cozystay_single_page_header_background_scroll":"on","cozystay_single_page_header_text_color":"","cozystay_single_page_header_show_breadcrumb":"","cozystay_single_page_site_footer_hide_main":"","cozystay_single_custom_site_footer_main_source":"","cozystay_single_custom_site_footer_main":"0","cozystay_single_page_site_footer_hide_above":"","cozystay_single_custom_site_footer_above_source":"","cozystay_single_custom_site_footer_above":"0","cozystay_single_page_site_footer_hide_instagram":"","cozystay_single_page_site_footer_hide_bottom":"","cozystay_single_custom_mobile_menu_source":"","cozystay_single_custom_mobile_menu":"0","cozystay_single_custom_mobile_menu_animation":"","cozystay_single_custom_mobile_menu_width":"","cozystay_single_custom_mobile_menu_custom_width":375,"footnotes":""},"class_list":["post-2956","page","type-page","status-publish","hentry"],"_links":{"self":[{"href":"https:\/\/madamededalat.vn\/en\/wp-json\/wp\/v2\/pages\/2956","targetHints":{"allow":["GET"]}}],"collection":[{"href":"https:\/\/madamededalat.vn\/en\/wp-json\/wp\/v2\/pages"}],"about":[{"href":"https:\/\/madamededalat.vn\/en\/wp-json\/wp\/v2\/types\/page"}],"author":[{"embeddable":true,"href":"https:\/\/madamededalat.vn\/en\/wp-json\/wp\/v2\/users\/2"}],"replies":[{"embeddable":true,"href":"https:\/\/madamededalat.vn\/en\/wp-json\/wp\/v2\/comments?post=2956"}],"version-history":[{"count":55,"href":"https:\/\/madamededalat.vn\/en\/wp-json\/wp\/v2\/pages\/2956\/revisions"}],"predecessor-version":[{"id":4267,"href":"https:\/\/madamededalat.vn\/en\/wp-json\/wp\/v2\/pages\/2956\/revisions\/4267"}],"wp:attachment":[{"href":"https:\/\/madamededalat.vn\/en\/wp-json\/wp\/v2\/media?parent=2956"}],"curies":[{"name":"wp","href":"https:\/\/api.w.org\/{rel}","templated":true}]}}